{"id":165,"date":"2025-06-30T17:26:11","date_gmt":"2025-06-30T15:26:11","guid":{"rendered":"https:\/\/effets-secondaires.media\/?page_id=165"},"modified":"2025-07-01T17:17:46","modified_gmt":"2025-07-01T15:17:46","slug":"accueil","status":"publish","type":"page","link":"https:\/\/effets-secondaires.media\/","title":{"rendered":"Accueil"},"content":{"rendered":"\n<div class=\"wp-block-query queryloop-fond-blanc is-layout-flow wp-block-query-is-layout-flow\">\n<div style=\"display: flex; align-items: center; text-align: center; margin: 32px 0;\">\n  <hr style=\"flex: 1; border: none; border-top: 1px solid #000000 !important; background: transparent; margin: 0 12px;\">\n  <h2 style=\"margin: 0; font-weight: 800; font-size: 30px; letter-spacing: 1px; text-transform: uppercase;\">\u00c0 LA UNE<\/h2>\n  <hr style=\"flex: 1; border: none; border-top: 1px solid #000000 !important; background: transparent; margin: 0 12px;\">\n<\/div>\n\n\n<ul class=\"columns-3 wp-block-post-template is-layout-grid wp-container-core-post-template-is-layout-2fc57c17 wp-block-post-template-is-layout-grid\"><li class=\"wp-block-post post-116 post type-post status-publish format-standard has-post-thumbnail hentry category-a-la-une category-sante-mentale tag-bien-etre-psychologique tag-brun-out tag-charge-mentale tag-depression tag-maternite tag-sante-mentale\">\n<figure class=\"queryloop-coins wp-block-post-featured-image wp-duotone-unset-1\"><img loading=\"lazy\" decoding=\"async\" width=\"150\" height=\"150\" src=\"https:\/\/effets-secondaires.media\/wp-content\/uploads\/2025\/06\/pexels-riciardus-185801-150x150.jpg\" class=\"attachment-thumbnail size-thumbnail wp-post-image\" alt=\"\" style=\"object-fit:cover;\" srcset=\"https:\/\/effets-secondaires.media\/wp-content\/uploads\/2025\/06\/pexels-riciardus-185801-150x150.jpg 150w, https:\/\/effets-secondaires.media\/wp-content\/uploads\/2025\/06\/pexels-riciardus-185801-300x300.jpg 300w, https:\/\/effets-secondaires.media\/wp-content\/uploads\/2025\/06\/pexels-riciardus-185801-75x75.jpg 75w\" sizes=\"auto, (max-width: 150px) 100vw, 150px\" \/><\/figure>\n\n<h2 class=\"has-text-align-center wp-block-post-title\">Sant\u00e9 mentale f\u00e9minine : s&rsquo;\u00e9panouir psychiquement sans culpabilit\u00e9<\/h2>\n\n<div class=\"has-text-align-left wp-block-post-excerpt\"><p class=\"wp-block-post-excerpt__excerpt\">La sant\u00e9 mentale des femmes a longtemps \u00e9t\u00e9 minimis\u00e9e, pathologis\u00e9e ou r\u00e9duite \u00e0 des \u00ab humeurs f\u00e9minines \u00bb. Pourtant, votre bien-\u00eatre psychologique est un pilier fondamental de votre \u00e9panouissement global.\u2026<\/p><p class=\"wp-block-post-excerpt__more-text\"><a class=\"wp-block-post-excerpt__more-link\" href=\"https:\/\/effets-secondaires.media\/index.php\/2025\/06\/30\/sante-mentale-feminine-sepanouir-psychiquement-sans-culpabilite\/\"><strong>Lire la suite<\/strong><\/a><\/p><\/div>\n<\/li><li class=\"wp-block-post post-111 post type-post status-publish format-standard has-post-thumbnail hentry category-a-la-une category-sexualite-plaisir tag-clitoris-2 tag-orgasme-2 tag-perinee tag-plaisir-feminin-2 tag-sexualite-feminine-2\">\n<figure class=\"queryloop-coins wp-block-post-featured-image wp-duotone-unset-2\"><img loading=\"lazy\" decoding=\"async\" width=\"150\" height=\"150\" src=\"https:\/\/effets-secondaires.media\/wp-content\/uploads\/2025\/06\/pexels-cottonbro-6755542-150x150.jpg\" class=\"attachment-thumbnail size-thumbnail wp-post-image\" alt=\"\" style=\"object-fit:cover;\" srcset=\"https:\/\/effets-secondaires.media\/wp-content\/uploads\/2025\/06\/pexels-cottonbro-6755542-150x150.jpg 150w, https:\/\/effets-secondaires.media\/wp-content\/uploads\/2025\/06\/pexels-cottonbro-6755542-300x300.jpg 300w, https:\/\/effets-secondaires.media\/wp-content\/uploads\/2025\/06\/pexels-cottonbro-6755542-75x75.jpg 75w\" sizes=\"auto, (max-width: 150px) 100vw, 150px\" \/><\/figure>\n\n<h2 class=\"has-text-align-center wp-block-post-title\">Sexualit\u00e9 f\u00e9minine : red\u00e9couvrir son plaisir sans tabou<\/h2>\n\n<div class=\"has-text-align-left wp-block-post-excerpt\"><p class=\"wp-block-post-excerpt__excerpt\">La sexualit\u00e9 f\u00e9minine a \u00e9t\u00e9 longtemps taboue, m\u00e9connue, voire ni\u00e9e. Pourtant, le plaisir fait partie int\u00e9grante de votre bien-\u00eatre et de votre sant\u00e9. Il est temps de d\u00e9construire les mythes,\u2026<\/p><p class=\"wp-block-post-excerpt__more-text\"><a class=\"wp-block-post-excerpt__more-link\" href=\"https:\/\/effets-secondaires.media\/index.php\/2025\/06\/30\/sexualite-feminine-redecouvrir-son-plaisir-sans-tabou\/\"><strong>Lire la suite<\/strong><\/a><\/p><\/div>\n<\/li><li class=\"wp-block-post post-107 post type-post status-publish format-standard has-post-thumbnail hentry category-a-la-une category-gyneco-cycles tag-cycle-menstruel-2 tag-hormones tag-ovulation-2 tag-regles-2 tag-symptothermie-2\">\n<figure class=\"queryloop-coins wp-block-post-featured-image wp-duotone-unset-3\"><img loading=\"lazy\" decoding=\"async\" width=\"150\" height=\"150\" src=\"https:\/\/effets-secondaires.media\/wp-content\/uploads\/2025\/06\/pexels-cottonbro-6766743-1-150x150.jpg\" class=\"attachment-thumbnail size-thumbnail wp-post-image\" alt=\"\" style=\"object-fit:cover;\" \/><\/figure>\n\n<h2 class=\"has-text-align-center wp-block-post-title\">D\u00e9coder son cycle menstruel : le guide complet pour reprendre le contr\u00f4le<\/h2>\n\n<div class=\"has-text-align-left wp-block-post-excerpt\"><p class=\"wp-block-post-excerpt__excerpt\">Vous avez vos r\u00e8gles depuis des ann\u00e9es, mais avez-vous vraiment conscience de ce qui se passe dans votre corps chaque mois ? Loin d&rsquo;\u00eatre un simple \u00ab\u00a0d\u00e9sagr\u00e9ment\u00a0\u00bb \u00e0 subir, votre\u2026<\/p><p class=\"wp-block-post-excerpt__more-text\"><a class=\"wp-block-post-excerpt__more-link\" href=\"https:\/\/effets-secondaires.media\/index.php\/2025\/06\/30\/decoder-son-cycle-menstruel-le-guide-complet-pour-reprendre-le-controle\/\"><strong>Lire la suite<\/strong><\/a><\/p><\/div>\n<\/li><\/ul><\/div>\n\n\n\n<div style=\"height:30px\" aria-hidden=\"true\" class=\"wp-block-spacer\"><\/div>\n\n\n\n<div class=\"wp-block-query encadre-boucle is-layout-flow wp-block-query-is-layout-flow\">\n<div style=\"display: flex; align-items: center; text-align: center; margin: 32px 0;\">\n <hr style=\"flex: 1; border: none; border-top: 1px solid #c94465 !important; background: transparent; margin: 0 12px;\">\n    <h2 style=\"margin: 0; font-weight: 800; font-size: 30px; letter-spacing: 1px; color: white;  text-transform: uppercase;\">INTERVIEWS D&rsquo;EXPERTS<\/h2>\n  <hr style=\"flex: 1; border: none; border-top: 1px solid #c94465 !important; background: transparent; margin: 0 12px;\">\n<\/div>\n\n\n<ul class=\"columns-3 wp-block-post-template has-small-font-size is-layout-grid wp-container-core-post-template-is-layout-2fc57c17 wp-block-post-template-is-layout-grid\"><li class=\"wp-block-post post-405 post type-post status-publish format-standard hentry category-hormones-cycles tag-hormonotherapie-menopause tag-menopause tag-menopause-et-societe tag-perimenopause tag-sante-des-femmes tag-sante-hormonale-feminine tag-symptomes-menopause tag-tabou-menopause tag-traitement-menopause\">\n\n\n<h2 class=\"has-link-color wp-elements-9e1b8626e353b2a379c75dfde1b27cfe wp-block-post-title has-text-color has-white-color\">Sortir du tabou de la m\u00e9nopause : un enjeu de sant\u00e9 et de soci\u00e9t\u00e9<\/h2>\n\n<a class=\"lire-suite-centre wp-block-read-more\" href=\"https:\/\/effets-secondaires.media\/index.php\/2025\/07\/03\/sortir-du-tabou-de-la-menopause-un-enjeu-de-sante-et-de-societe\/\" target=\"_self\"><strong>Lire l&rsquo;interview<\/strong><span class=\"screen-reader-text\">\u00a0: Sortir du tabou de la m\u00e9nopause : un enjeu de sant\u00e9 et de soci\u00e9t\u00e9<\/span><\/a>\n<\/li><li class=\"wp-block-post post-242 post type-post status-publish format-standard has-post-thumbnail hentry category-interviews-dexperts\">\n<figure class=\"wp-block-post-featured-image\"><a href=\"https:\/\/effets-secondaires.media\/index.php\/2025\/06\/30\/la-charge-mentale-cest-une-violence-invisible-qui-epuise-les-femmes-interview-avec-dr-camille-fourcade-psychologue-clinicienne\/\" target=\"_self\"  ><img loading=\"lazy\" decoding=\"async\" width=\"150\" height=\"150\" src=\"https:\/\/effets-secondaires.media\/wp-content\/uploads\/2025\/06\/esma-melike-sezer-fIZAd0B2sk4-unsplash-150x150.png\" class=\"attachment-thumbnail size-thumbnail wp-post-image\" alt=\"\u00ab\u00a0La charge mentale, c&rsquo;est une violence invisible qui \u00e9puise les femmes\u00a0\u00bb &#8211; Interview avec Dr. Camille Fourcade, psychologue clinicienne\" style=\"object-fit:cover;\" \/><\/a><\/figure>\n\n<h2 class=\"has-link-color wp-elements-9e1b8626e353b2a379c75dfde1b27cfe wp-block-post-title has-text-color has-white-color\">\u00ab\u00a0La charge mentale, c&rsquo;est une violence invisible qui \u00e9puise les femmes\u00a0\u00bb &#8211; Interview avec Dr. Camille Fourcade, psychologue clinicienne<\/h2>\n\n<a class=\"lire-suite-centre wp-block-read-more\" href=\"https:\/\/effets-secondaires.media\/index.php\/2025\/06\/30\/la-charge-mentale-cest-une-violence-invisible-qui-epuise-les-femmes-interview-avec-dr-camille-fourcade-psychologue-clinicienne\/\" target=\"_self\"><strong>Lire l&rsquo;interview<\/strong><span class=\"screen-reader-text\">\u00a0: \u00ab\u00a0La charge mentale, c&rsquo;est une violence invisible qui \u00e9puise les femmes\u00a0\u00bb &#8211; Interview avec Dr. Camille Fourcade, psychologue clinicienne<\/span><\/a>\n<\/li><li class=\"wp-block-post post-240 post type-post status-publish format-standard has-post-thumbnail hentry category-interviews-dexperts\">\n<figure class=\"wp-block-post-featured-image\"><a href=\"https:\/\/effets-secondaires.media\/index.php\/2025\/06\/30\/le-post-partum-cest-un-tsunami-hormonal-et-emotionnel-quon-cache-derriere-des-sourires-interview-avec-dr-marie-lelievre-psychiatre-perinatale\/\" target=\"_self\"  ><img loading=\"lazy\" decoding=\"async\" width=\"150\" height=\"150\" src=\"https:\/\/effets-secondaires.media\/wp-content\/uploads\/2025\/06\/drop-labs-CZ3UfZAANow-unsplash-150x150.jpg\" class=\"attachment-thumbnail size-thumbnail wp-post-image\" alt=\"\u00ab\u00a0Le post-partum, c&rsquo;est un tsunami hormonal et \u00e9motionnel qu&rsquo;on cache derri\u00e8re des sourires\u00a0\u00bb &#8211; Interview avec Dr. Marie Leli\u00e8vre, psychiatre p\u00e9rinatale\" style=\"object-fit:cover;\" srcset=\"https:\/\/effets-secondaires.media\/wp-content\/uploads\/2025\/06\/drop-labs-CZ3UfZAANow-unsplash-150x150.jpg 150w, https:\/\/effets-secondaires.media\/wp-content\/uploads\/2025\/06\/drop-labs-CZ3UfZAANow-unsplash-300x300.jpg 300w, https:\/\/effets-secondaires.media\/wp-content\/uploads\/2025\/06\/drop-labs-CZ3UfZAANow-unsplash-1024x1024.jpg 1024w, https:\/\/effets-secondaires.media\/wp-content\/uploads\/2025\/06\/drop-labs-CZ3UfZAANow-unsplash-768x768.jpg 768w, https:\/\/effets-secondaires.media\/wp-content\/uploads\/2025\/06\/drop-labs-CZ3UfZAANow-unsplash-1536x1536.jpg 1536w, https:\/\/effets-secondaires.media\/wp-content\/uploads\/2025\/06\/drop-labs-CZ3UfZAANow-unsplash-2048x2048.jpg 2048w\" sizes=\"auto, (max-width: 150px) 100vw, 150px\" \/><\/a><\/figure>\n\n<h2 class=\"has-link-color wp-elements-9e1b8626e353b2a379c75dfde1b27cfe wp-block-post-title has-text-color has-white-color\">\u00ab\u00a0Le post-partum, c&rsquo;est un tsunami hormonal et \u00e9motionnel qu&rsquo;on cache derri\u00e8re des sourires\u00a0\u00bb &#8211; Interview avec Dr. Marie Leli\u00e8vre, psychiatre p\u00e9rinatale<\/h2>\n\n<a class=\"lire-suite-centre wp-block-read-more\" href=\"https:\/\/effets-secondaires.media\/index.php\/2025\/06\/30\/le-post-partum-cest-un-tsunami-hormonal-et-emotionnel-quon-cache-derriere-des-sourires-interview-avec-dr-marie-lelievre-psychiatre-perinatale\/\" target=\"_self\"><strong>Lire l&rsquo;interview<\/strong><span class=\"screen-reader-text\">\u00a0: \u00ab\u00a0Le post-partum, c&rsquo;est un tsunami hormonal et \u00e9motionnel qu&rsquo;on cache derri\u00e8re des sourires\u00a0\u00bb &#8211; Interview avec Dr. Marie Leli\u00e8vre, psychiatre p\u00e9rinatale<\/span><\/a>\n<\/li><\/ul><\/div>\n\n\n\n<div style=\"height:30px\" aria-hidden=\"true\" class=\"wp-block-spacer\"><\/div>\n\n\n\n<div class=\"wp-block-query queryloop-fond-blanc is-layout-flow wp-block-query-is-layout-flow\">\n<div style=\"display: flex; align-items: center; text-align: center; margin: 32px 0;\">\n    <h2 style=\"margin: 0; font-weight: 800; font-size: 30px; letter-spacing: 1px; text-transform: uppercase;\">CORPS<\/h2>\n  <hr style=\"flex: 1; border: none; border-top: 1px solid #8ebec2 !important; background: transparent; margin: 0 12px;\">\n<\/div>\n\n\n<ul class=\"wp-block-post-template is-layout-flow wp-block-post-template-is-layout-flow\"><li class=\"wp-block-post post-92 post type-post status-publish format-standard hentry category-corps tag-corps tag-diversite tag-femme tag-image tag-intimite tag-peau\">\n\n<div class=\"wp-block-columns alignwide is-layout-flex wp-container-core-columns-is-layout-9d6595d7 wp-block-columns-is-layout-flex\">\n<div class=\"wp-block-column is-layout-flow wp-block-column-is-layout-flow\" style=\"flex-basis:50%\"><\/div>\n\n\n\n<div class=\"wp-block-column is-layout-flow wp-block-column-is-layout-flow\" style=\"flex-basis:33.33%\"><h2 class=\"wp-block-post-title\">Corps des femmes : conna\u00eetre, \u00e9couter, honorer<\/h2>\n\n<div class=\"wp-block-post-excerpt\"><p class=\"wp-block-post-excerpt__excerpt\">Le corps des femmes est trop souvent jug\u00e9, invisibilis\u00e9, transform\u00e9 en objet de normes et d\u2019injonctions. Chez effets secondaires, nous voulons lui redonner toute sa place, en parler sans tabous, avec pr\u00e9cision et bienveillance. Ce corps qui change, qui vit, qui ressent, qui lutte parfois, m\u00e9rite d\u2019\u00eatre compris et respect\u00e9. Dans cet espace, nous explorons toutes les dimensions du corps des femmes \u00e0 travers des dossiers complets, des t\u00e9moignages et des ressources utiles. D\u00e9couvrez nos grandes rubriques. Image et rapport au corps Entre acceptation de soi, poids des normes\u2026<\/p><p class=\"wp-block-post-excerpt__more-text\"><a class=\"wp-block-post-excerpt__more-link\" href=\"https:\/\/effets-secondaires.media\/index.php\/2025\/06\/30\/corps-des-femmes-connaitre-ecouter-honorer\/\"><strong>Lire la suite<\/strong><\/a><\/p><\/div><\/div>\n<\/div>\n\n\n\n<p class=\"has-text-align-center has-medium-font-size\" style=\"font-style:normal;font-weight:900;letter-spacing:-1px\"><strong><a href=\"https:\/\/effets-secondaires.media\/index.php\/category\/sante\/\" data-type=\"link\" data-id=\"https:\/\/effets-secondaires.media\/index.php\/category\/sante\/\">+ PLUS D&rsquo;ARTICLES<\/a><\/strong><\/p>\n\n<\/li><\/ul><\/div>\n\n\n\n<div class=\"wp-block-query is-layout-flow wp-block-query-is-layout-flow\">\n<div style=\"display: flex; align-items: center; text-align: center; margin: 32px 0;\">\n    <h2 style=\"margin: 0; font-weight: 800; font-size: 30px; letter-spacing: 1px; text-transform: uppercase;\">SANTE<\/h2>\n  <hr style=\"flex: 1; border: none; border-top: 1px solid #f3cf11 !important; background: transparent; margin: 0 12px;\">\n<\/div>\n\n\n<ul class=\"wp-block-post-template is-layout-flow wp-block-post-template-is-layout-flow\"><li class=\"wp-block-post post-88 post type-post status-publish format-standard has-post-thumbnail hentry category-sante tag-cycle tag-cycles tag-diagnostic tag-douleur tag-endometriose tag-femmes tag-gynecologie tag-informer tag-sante\">\n\n<div class=\"wp-block-columns alignwide is-layout-flex wp-container-core-columns-is-layout-9d6595d7 wp-block-columns-is-layout-flex\">\n<div class=\"wp-block-column is-layout-flow wp-block-column-is-layout-flow\" style=\"flex-basis:50%\"><figure class=\"wp-block-post-featured-image\"><a href=\"https:\/\/effets-secondaires.media\/index.php\/2025\/06\/30\/sante-des-femmes-comprendre-informer-agir\/\" target=\"_self\"  ><img loading=\"lazy\" decoding=\"async\" width=\"150\" height=\"150\" src=\"https:\/\/effets-secondaires.media\/wp-content\/uploads\/2025\/06\/pexels-cottonbro-6766743-150x150.jpg\" class=\"attachment-thumbnail size-thumbnail wp-post-image\" alt=\"Sant\u00e9 des femmes : comprendre, informer, agir\" style=\"object-fit:cover;\" \/><\/a><\/figure><\/div>\n\n\n\n<div class=\"wp-block-column is-layout-flow wp-block-column-is-layout-flow\" style=\"flex-basis:33.33%\"><h2 class=\"wp-block-post-title\">Sant\u00e9 des femmes : comprendre, informer, agir<\/h2>\n\n<div class=\"wp-block-post-excerpt\"><p class=\"wp-block-post-excerpt__excerpt\">Chez effets secondaires, nous croyons qu\u2019une information claire, accessible et incarn\u00e9e est un levier essentiel pour que les femmes reprennent le pouvoir sur leur sant\u00e9. Trop longtemps, la sant\u00e9 des femmes a \u00e9t\u00e9 rel\u00e9gu\u00e9e au second plan, fragment\u00e9e, r\u00e9duite \u00e0 des clich\u00e9s ou invisibilis\u00e9e dans les \u00e9tudes et les parcours de soins. Notre ambition : proposer un regard nouveau, engag\u00e9 et bienveillant sur toutes les dimensions de la sant\u00e9 des femmes, de la pubert\u00e9 \u00e0 la m\u00e9nopause et au-del\u00e0. Nous vous proposons ici un espace complet pour explorer ces\u2026<\/p><p class=\"wp-block-post-excerpt__more-text\"><a class=\"wp-block-post-excerpt__more-link\" href=\"https:\/\/effets-secondaires.media\/index.php\/2025\/06\/30\/sante-des-femmes-comprendre-informer-agir\/\"><strong>Lire la suite<\/strong><\/a><\/p><\/div><\/div>\n<\/div>\n\n\n\n<p class=\"has-text-align-center has-medium-font-size\" style=\"font-style:normal;font-weight:900;letter-spacing:-1px\"><strong><a href=\"https:\/\/effets-secondaires.media\/index.php\/category\/sante\/\" data-type=\"link\" data-id=\"https:\/\/effets-secondaires.media\/index.php\/category\/sante\/\">+ PLUS D&rsquo;ARTICLES<\/a><\/strong><\/p>\n\n<\/li><\/ul><\/div>\n\n\n\n<div style=\"height:30px\" aria-hidden=\"true\" class=\"wp-block-spacer\"><\/div>\n\n\n\n<div class=\"wp-block-query queryloop-fond-blanc is-layout-flow wp-block-query-is-layout-flow\">\n<div style=\"display: flex; align-items: center; text-align: center; margin: 32px 0;\">\n    <h2 style=\"margin: 0; font-weight: 800; font-size: 30px; letter-spacing: 1px; text-transform: uppercase;\">t\u00eate<\/h2>\n  <hr style=\"flex: 1; border: none; border-top: 1px solid #2f3685 !important; background: transparent; margin: 0 12px;\">\n<\/div>\n\n\n<ul class=\"wp-block-post-template is-layout-flow wp-block-post-template-is-layout-flow\"><li class=\"wp-block-post post-101 post type-post status-publish format-standard hentry category-tete tag-bien-etre tag-bien-etre-psychologique-des-femmes tag-charge-mentale-feminine tag-developpement-personnel-des-femmes tag-emotions-des-femmes tag-equilibre-de-vie-des-femmes tag-relations-et-sante-mentale tag-sante-mentale-des-femmes tag-sante-psychique-feminine tag-stress-au-feminin\">\n\n<div class=\"wp-block-columns alignwide is-layout-flex wp-container-core-columns-is-layout-9d6595d7 wp-block-columns-is-layout-flex\">\n<div class=\"wp-block-column is-layout-flow wp-block-column-is-layout-flow\" style=\"flex-basis:50%\"><\/div>\n\n\n\n<div class=\"wp-block-column is-layout-flow wp-block-column-is-layout-flow\" style=\"flex-basis:33.33%\"><h2 class=\"wp-block-post-title\">T\u00eate : comprendre et prendre soin de la sant\u00e9 mentale des femmes<\/h2>\n\n<div class=\"wp-block-post-excerpt\"><p class=\"wp-block-post-excerpt__excerpt\">La sant\u00e9 mentale des femmes est un pilier essentiel de leur bien-\u00eatre global. Trop longtemps rel\u00e9gu\u00e9e au second plan, elle m\u00e9rite aujourd\u2019hui d\u2019\u00eatre plac\u00e9e au c\u0153ur des pr\u00e9occupations. Chez Effets Secondaires, nous mettons en lumi\u00e8re la richesse, la complexit\u00e9 et la puissance de l\u2019esprit des femmes. Notre objectif : briser les tabous, informer, accompagner et offrir un espace bienveillant o\u00f9 la voix des femmes compte. Qu\u2019il s\u2019agisse de charge mentale, de sant\u00e9 psychique, d\u2019\u00e9motions, de relations ou de d\u00e9veloppement personnel, cette rubrique T\u00eate explore toutes les dimensions de la\u2026<\/p><p class=\"wp-block-post-excerpt__more-text\"><a class=\"wp-block-post-excerpt__more-link\" href=\"https:\/\/effets-secondaires.media\/index.php\/2025\/06\/30\/tete-comprendre-et-prendre-soin-de-la-sante-mentale-des-femmes\/\"><strong>Lire la suite<\/strong><\/a><\/p><\/div><\/div>\n<\/div>\n\n\n\n<p class=\"has-text-align-center has-medium-font-size\" style=\"font-style:normal;font-weight:900;letter-spacing:-1px\"><strong><a href=\"https:\/\/effets-secondaires.media\/index.php\/category\/sante\/\" data-type=\"link\" data-id=\"https:\/\/effets-secondaires.media\/index.php\/category\/sante\/\">+ PLUS D&rsquo;ARTICLES<\/a><\/strong><\/p>\n\n<\/li><\/ul><\/div>\n\n\n\n<div style=\"height:30px\" aria-hidden=\"true\" class=\"wp-block-spacer\"><\/div>\n\n\n\n<div class=\"wp-block-columns is-layout-flex wp-container-core-columns-is-layout-9d6595d7 wp-block-columns-is-layout-flex\">\n<div class=\"wp-block-column is-vertically-aligned-center has-white-color has-text-color has-link-color has-medium-font-size wp-elements-2b5ae7e1c4b3174e62d481168cfa15ca is-layout-flow wp-block-column-is-layout-flow\">\n<div class=\"wp-block-columns is-layout-flex wp-container-core-columns-is-layout-9d6595d7 wp-block-columns-is-layout-flex\">\n<div class=\"wp-block-column is-layout-flow wp-block-column-is-layout-flow\">\n<div class=\"wp-block-cover\"><img loading=\"lazy\" decoding=\"async\" width=\"1024\" height=\"683\" class=\"wp-block-cover__image-background wp-image-377 size-large\" alt=\"\" src=\"http:\/\/effets-secondaires.media\/wp-content\/uploads\/2025\/07\/kaleidico-xxHDLWmc1wE-unsplash-1024x683.jpg\" data-object-fit=\"cover\" srcset=\"https:\/\/effets-secondaires.media\/wp-content\/uploads\/2025\/07\/kaleidico-xxHDLWmc1wE-unsplash-1024x683.jpg 1024w, https:\/\/effets-secondaires.media\/wp-content\/uploads\/2025\/07\/kaleidico-xxHDLWmc1wE-unsplash-300x200.jpg 300w, https:\/\/effets-secondaires.media\/wp-content\/uploads\/2025\/07\/kaleidico-xxHDLWmc1wE-unsplash-768x512.jpg 768w\" sizes=\"auto, (max-width: 1024px) 100vw, 1024px\" \/><span aria-hidden=\"true\" class=\"wp-block-cover__background has-background-dim\" style=\"background-color:#585047\"><\/span><div class=\"wp-block-cover__inner-container is-layout-constrained wp-block-cover-is-layout-constrained\">\n<p class=\"has-text-align-center\" style=\"font-size:30px;font-style:normal;font-weight:700;letter-spacing:0px\"><a href=\"https:\/\/effets-secondaires.media\/index.php\/category\/ressources\/fiches-pratiques\/\" data-type=\"category\" data-id=\"24\">Fiches pratiques<\/a><\/p>\n<\/div><\/div>\n<\/div>\n\n\n\n<div class=\"wp-block-column is-layout-flow wp-block-column-is-layout-flow\">\n<div class=\"wp-block-cover\"><img loading=\"lazy\" decoding=\"async\" width=\"1024\" height=\"679\" class=\"wp-block-cover__image-background wp-image-378 size-large\" alt=\"\" src=\"http:\/\/effets-secondaires.media\/wp-content\/uploads\/2025\/07\/olena-bohovyk-iIX-jNXydeY-unsplash-1024x679.jpg\" data-object-fit=\"cover\" srcset=\"https:\/\/effets-secondaires.media\/wp-content\/uploads\/2025\/07\/olena-bohovyk-iIX-jNXydeY-unsplash-1024x679.jpg 1024w, https:\/\/effets-secondaires.media\/wp-content\/uploads\/2025\/07\/olena-bohovyk-iIX-jNXydeY-unsplash-300x199.jpg 300w, https:\/\/effets-secondaires.media\/wp-content\/uploads\/2025\/07\/olena-bohovyk-iIX-jNXydeY-unsplash-768x509.jpg 768w, https:\/\/effets-secondaires.media\/wp-content\/uploads\/2025\/07\/olena-bohovyk-iIX-jNXydeY-unsplash-1536x1018.jpg 1536w, https:\/\/effets-secondaires.media\/wp-content\/uploads\/2025\/07\/olena-bohovyk-iIX-jNXydeY-unsplash-2048x1358.jpg 2048w, https:\/\/effets-secondaires.media\/wp-content\/uploads\/2025\/07\/olena-bohovyk-iIX-jNXydeY-unsplash-1140x756.jpg 1140w\" sizes=\"auto, (max-width: 1024px) 100vw, 1024px\" \/><span aria-hidden=\"true\" class=\"wp-block-cover__background has-background-dim\" style=\"background-color:#725f45\"><\/span><div class=\"wp-block-cover__inner-container is-layout-constrained wp-block-cover-is-layout-constrained\">\n<p class=\"has-text-align-center\" style=\"font-size:30px;font-style:normal;font-weight:700;letter-spacing:0px\"><a href=\"https:\/\/effets-secondaires.media\/index.php\/category\/ressources\/annuaire\/\" data-type=\"category\" data-id=\"25\">Annuaire<\/a><\/p>\n<\/div><\/div>\n<\/div>\n\n\n\n<div class=\"wp-block-column is-layout-flow wp-block-column-is-layout-flow\">\n<div class=\"wp-block-cover\"><img loading=\"lazy\" decoding=\"async\" width=\"1024\" height=\"683\" class=\"wp-block-cover__image-background wp-image-376 size-large\" alt=\"\" src=\"http:\/\/effets-secondaires.media\/wp-content\/uploads\/2025\/07\/jonathan-velasquez-c1ZN57GfDB0-unsplash-1024x683.jpg\" data-object-fit=\"cover\" srcset=\"https:\/\/effets-secondaires.media\/wp-content\/uploads\/2025\/07\/jonathan-velasquez-c1ZN57GfDB0-unsplash-1024x683.jpg 1024w, https:\/\/effets-secondaires.media\/wp-content\/uploads\/2025\/07\/jonathan-velasquez-c1ZN57GfDB0-unsplash-300x200.jpg 300w, https:\/\/effets-secondaires.media\/wp-content\/uploads\/2025\/07\/jonathan-velasquez-c1ZN57GfDB0-unsplash-768x512.jpg 768w, https:\/\/effets-secondaires.media\/wp-content\/uploads\/2025\/07\/jonathan-velasquez-c1ZN57GfDB0-unsplash-1536x1024.jpg 1536w, https:\/\/effets-secondaires.media\/wp-content\/uploads\/2025\/07\/jonathan-velasquez-c1ZN57GfDB0-unsplash-2048x1365.jpg 2048w\" sizes=\"auto, (max-width: 1024px) 100vw, 1024px\" \/><span aria-hidden=\"true\" class=\"wp-block-cover__background has-background-dim\" style=\"background-color:#2d2d29\"><\/span><div class=\"wp-block-cover__inner-container is-layout-constrained wp-block-cover-is-layout-constrained\">\n<p class=\"has-text-align-center\" style=\"font-size:30px;font-style:normal;font-weight:700;letter-spacing:0px\"><a href=\"https:\/\/effets-secondaires.media\/index.php\/category\/ressources\/podcasts-lectures\/\" data-type=\"category\" data-id=\"26\">Podcasts &amp; Lectures<\/a><\/p>\n<\/div><\/div>\n<\/div>\n<\/div>\n<\/div>\n<\/div>\n","protected":false},"excerpt":{"rendered":"","protected":false},"author":1,"featured_media":0,"parent":0,"menu_order":0,"comment_status":"closed","ping_status":"closed","template":"","meta":{"footnotes":""},"class_list":["post-165","page","type-page","status-publish","hentry"],"acf":[],"_links":{"self":[{"href":"https:\/\/effets-secondaires.media\/index.php\/wp-json\/wp\/v2\/pages\/165","targetHints":{"allow":["GET"]}}],"collection":[{"href":"https:\/\/effets-secondaires.media\/index.php\/wp-json\/wp\/v2\/pages"}],"about":[{"href":"https:\/\/effets-secondaires.media\/index.php\/wp-json\/wp\/v2\/types\/page"}],"author":[{"embeddable":true,"href":"https:\/\/effets-secondaires.media\/index.php\/wp-json\/wp\/v2\/users\/1"}],"replies":[{"embeddable":true,"href":"https:\/\/effets-secondaires.media\/index.php\/wp-json\/wp\/v2\/comments?post=165"}],"version-history":[{"count":123,"href":"https:\/\/effets-secondaires.media\/index.php\/wp-json\/wp\/v2\/pages\/165\/revisions"}],"predecessor-version":[{"id":394,"href":"https:\/\/effets-secondaires.media\/index.php\/wp-json\/wp\/v2\/pages\/165\/revisions\/394"}],"wp:attachment":[{"href":"https:\/\/effets-secondaires.media\/index.php\/wp-json\/wp\/v2\/media?parent=165"}],"curies":[{"name":"wp","href":"https:\/\/api.w.org\/{rel}","templated":true}]}}